{"id":26995,"date":"2019-10-03T17:31:30","date_gmt":"2019-10-03T16:31:30","guid":{"rendered":"https:\/\/www.jopenkerk.nl\/haarlem\/?page_id=26995"},"modified":"2025-11-13T10:58:43","modified_gmt":"2025-11-13T09:58:43","slug":"veel-gestelde-vragen","status":"publish","type":"page","link":"https:\/\/www.jopenkerk.nl\/haarlem\/veel-gestelde-vragen\/","title":{"rendered":"Veel gestelde vragen"},"content":{"rendered":"<div class=\"wpb-content-wrapper\">[vc_row fullwidth=&#8221;true&#8221;][vc_column][vc_column_text css=&#8221;.vc_custom_1683197903736{margin-bottom: 0px !important;}&#8221;][layerslider id=&#8221;17&#8243;][\/vc_column_text][mk_content_box heading=&#8221;VRAGEN&#8221;][vc_column_text title=&#8221;VEEL GESTELDE VRAGEN&#8221; css=&#8221;.vc_custom_1763027915462{margin-bottom: 0px !important;}&#8221;]\n<ul>\n<li><strong>Borrel of diner reserveren in het Grand Caf\u00e9, wat zijn de mogelijkheden?<\/strong><br \/>\nEen tafel reserveren voor een borrel in het caf\u00e9 is niet mogelijk. Iedereen is van harte welkom om langs te komen en zelf een plek uit te zoeken in het Caf\u00e9. Het is altijd mogelijk om bij ons aan de bar te bestellen. Reserveren voor de lunch en diner kan wel op onze <a href=\"https:\/\/www.jopenkerk.nl\/haarlem\/reserveren-restaurant\/\">reserveringen<\/a> pagina.<\/p>\n<ul>\n<li><em>Uitzondering voor groepen boven 20 personen:<\/em><br \/>\n<em>Indien je met meer dan 20 personen komt, kunnen wij van zondag t\/m donderdag een gedeelte van het Grand Caf\u00e9 voor een borrel reserveren. Daarnaast is het Grand Caf\u00e9 ook altijd open voor bezoekers op inloop en wordt nooit besloten gereserveerd.<\/em><\/li>\n<\/ul>\n<\/li>\n<\/ul>\n<p>&nbsp;<\/p>\n<ul>\n<li><strong>Is een rondleiding in de Jopenkerk mogelijk?<br \/>\n<\/strong>Wij geven in de Jopenkerk geen rondleidingen, de brouwerij in de kerk is hiervoor te klein, wel kun je vanuit het Grand Caf\u00e9 en restaurant de brouwketels bekijken en diverse Jopenbieren proeven. Wij vertellen je graag meer over Jopenbier!<\/li>\n<\/ul>\n<p>&nbsp;<\/p>\n<ul>\n<li><b>Kunnen jullie rekening houden met dieetwensen \/ allergie\u00ebn?<br \/>\n<\/b>Het is zeker mogelijk om hier rekening mee te houden, mits dit van te voren bij ons bekend is. De Chefkok kan het menu aanpassen op basis van de dieetwensen en allergie\u00ebn. Daarnaast is het ook mogelijk om in vegetarisch of vegan te eten, mits dit van te voren bij ons bekend is.<\/li>\n<\/ul>\n<p>&nbsp;<\/p>\n<ul>\n<li><strong>Hebben jullie ook vegetarische gerechten op de kaart?<br \/>\n<\/strong>Op onze menukaarten staan verschillende vegetarische gerechten, ook in onze groepsmenu&#8217;s is altijd een vegetarische optie te vinden. Daarnaast kunnen wij rekening houden met dieetwensen \/ allergie\u00ebn, mits van te voren aangegeven.<\/li>\n<\/ul>\n<p>&nbsp;<\/p>\n<ul>\n<li><strong>Kan ik een andere tijd kiezen voor een BeerFood pairing?<br \/>\n<\/strong>De BeerFood pairing kan alleen geserveerd worden op vrijdag en zaterdag met starttijd tussen 13:00 en 15:00 uur. Kijk online voor de beschikbaarheid.<\/li>\n<\/ul>\n<p>&nbsp;<\/p>\n<ul>\n<li><strong>Zijn jullie open op feestdagen?<br \/>\n<\/strong>Jazeker, wij zijn alle dagen van het jaar geopend. Kijk voor de aangepaste openingstijden tijdens de feestdagen op onze contactpagina.<\/li>\n<\/ul>\n<p>&nbsp;<\/p>\n<ul>\n<li><strong>Schenken jullie ook andere dranken dan Jopenbier?<\/strong><br \/>\nJazeker, wij hebben ook wijn, fris, koffie en thee op de kaart staan naast de uitgebeide selectie Jopenbieren van tap en op fles en blik. Daarnaast hebben wij een eigen Gin en Genever waarvan je kunt genieten voor in je cocktails. Vraag gerust aan de barman naar de opties.<\/li>\n<\/ul>\n<p>&nbsp;<\/p>\n<ul>\n<li><strong>Wordt er ook echt gebrouwen in de Jopenkerk, of is het alleen voor de sier?<br \/>\n<\/strong>Zes dagen in de week wordt er ook echt gebrouwen in de Jopenkerk. Vanuit het Grand Caf\u00e9 of restaurant kun je de brouwers aan het werk zien. Misschien zie je wel een hopgift door een van de brouwers!<\/li>\n<\/ul>\n<p>&nbsp;<\/p>\n<ul>\n<li><strong>Hebben jullie eigen parkeerplaatsen?<br \/>\n<\/strong>Nee, wij hebben geen eigen parkeerplekken, maar ons terras bevindt zich bij de voetgangersuitgang van parkeergarage &#8220;De Raak&#8221; waar meer dan voldoende plek is. Parkeergarage adres: Zijlvest 45, Haarlem<\/li>\n<\/ul>\n<p>&nbsp;<\/p>\n<ul>\n<li><strong>Kan ik ook eten op zondag\/maandag?<br \/>\n<\/strong>Ja, beneden in het Grand Caf\u00e9 is het dagelijks mogelijk om te lunchen, borrelen en dineren vanaf de caf\u00e9kaart. Het restaurant boven in de Jopenkerk met uitgebreider diner menu \u00e0 la carte is alleen geopend van donderdag t\/m zaterdag.<\/li>\n<\/ul>\n<p>&nbsp;<\/p>\n<ul>\n<li><strong>Schenken jullie ook pils?<br \/>\n<\/strong>Wij schenken alleen onze eigen gebrouwen Jopenbieren. Wij hebben ook een paar bieren in de categorie pils en lager.\u00a0 Jopenbieren die dicht in de buurt komen van de smaak van grote pils merken zijn: <em>Who The F**** is Helles?!<\/em>, de <em>Juicy Lager<\/em>, en de <em>Craft Pilsner<\/em>.<\/li>\n<\/ul>\n<p>&nbsp;<\/p>\n<ul>\n<li><strong>Hebben jullie ook een drankarrangement?<\/strong><br \/>\nWij bieden geen drank op afkoop, omdat de prijzen van onze dranken te sterk uiteen lopen.<br \/>\nWel is het mogelijk om eventueel met munten te werken. De ingeleverde munt krijgt dan de waarde van het bestelde drankje, dit zal altijd op nacalculatie zijn.<br \/>\nEen andere mogelijkheid is om een budget af te spreken, wij geven een seintje wanneer dit bijna bereikt is. Het is dan mogelijk om aan te geven of er verder op rekening gedronken maf worden, of dat ieder voor zich dient te betalen.<\/li>\n<\/ul>\n<p>&nbsp;<\/p>\n<ul>\n<li><strong>Werken jullie met een groepskorting of staffelprijzen?<br \/>\n<\/strong>In al onze arrangementen zit een kortingsprijs verwerkt. Wanneer je los alles zou bestellen ben je duurder uit. Wij werken verder niet met kortingen op de offerte.<\/li>\n<\/ul>\n<p>&nbsp;<\/p>\n<ul>\n<li><strong>Wat is het verschil tussen bieren met een THT datum of Bottel datum?<\/strong><br \/>\nVroeger vulde wij onze Jopenbieren af met een botteldatum, dit omdat wij vinden dat onze bieren ook over een langere periode te drinken zijn en vaak qua smaak lekkerder worden. Echter doordat verkooppunten geen bieren meer mogen verkopen zonder THT datum zijn wij overgestapt naar een THT datum.<br \/>\n<strong>Hoe komt het dan dat sommige een THT van 20 jaar hebben?<br \/>\n<\/strong>Donkere bieren met een alcohol percentage boven de 9% krijgen een THT datum mee van 20 jaar, omdat deze bieren goed kunnen worden weg gelegd, mits deze koel en donker bewaard worden.<\/li>\n<\/ul>\n[\/vc_column_text][\/mk_content_box][\/vc_column][vc_column][\/vc_column][vc_column][vc_column_text css=&#8221;.vc_custom_1683197903736{margin-bottom: 0px !important;}&#8221;][layerslider id=&#8221;17&#8243;][\/vc_column_text][\/vc_column][\/vc_row]\n<\/div>","protected":false},"excerpt":{"rendered":"<p>[vc_row fullwidth=&#8221;true&#8221;][vc_column][vc_column_text css=&#8221;.vc_custom_1683197903736{margin-bottom: 0px !important;}&#8221;][layerslider id=&#8221;17&#8243;][\/vc_column_text][mk_content_box heading=&#8221;VRAGEN&#8221;][vc_column_text title=&#8221;VEEL GESTELDE VRAGEN&#8221; css=&#8221;.vc_custom_1763027915462{margin-bottom: 0px !important;}&#8221;] Borrel of diner reserveren in het Grand Caf\u00e9, wat zijn de mogelijkheden? Een tafel reserveren voor een borrel in het caf\u00e9 is niet mogelijk. Iedereen is van harte welkom om langs te komen en zelf een plek uit te zoeken in het<a class=\"moretag\" href=\"#tab-description\"> Lees meer&#8230;<\/a><\/p>\n","protected":false},"author":1155,"featured_media":0,"parent":0,"menu_order":0,"comment_status":"closed","ping_status":"closed","template":"","meta":{"_acf_changed":false,"footnotes":""},"class_list":["post-26995","page","type-page","status-publish","hentry"],"acf":[],"yoast_head":"<!-- This site is optimized with the Yoast SEO plugin v23.4 - https:\/\/yoast.com\/wordpress\/plugins\/seo\/ -->\n<title>Veel gestelde vragen - Jopenkerk Haarlem<\/title>\n<meta name=\"robots\" content=\"index, follow, max-snippet:-1, max-image-preview:large, max-video-preview:-1\" \/>\n<link rel=\"canonical\" href=\"https:\/\/www.jopenkerk.nl\/haarlem\/veel-gestelde-vragen\/\" \/>\n<meta property=\"og:locale\" content=\"nl_NL\" \/>\n<meta property=\"og:type\" content=\"article\" \/>\n<meta property=\"og:title\" content=\"Veel gestelde vragen - Jopenkerk Haarlem\" \/>\n<meta property=\"og:description\" content=\"[vc_row fullwidth=&#8221;true&#8221;][vc_column][vc_column_text css=&#8221;.vc_custom_1683197903736{margin-bottom: 0px !important;}&#8221;][layerslider id=&#8221;17&#8243;][\/vc_column_text][mk_content_box heading=&#8221;VRAGEN&#8221;][vc_column_text title=&#8221;VEEL GESTELDE VRAGEN&#8221; css=&#8221;.vc_custom_1763027915462{margin-bottom: 0px !important;}&#8221;] Borrel of diner reserveren in het Grand Caf\u00e9, wat zijn de mogelijkheden? Een tafel reserveren voor een borrel in het caf\u00e9 is niet mogelijk. Iedereen is van harte welkom om langs te komen en zelf een plek uit te zoeken in het Lees meer...\" \/>\n<meta property=\"og:url\" content=\"https:\/\/www.jopenkerk.nl\/haarlem\/veel-gestelde-vragen\/\" \/>\n<meta property=\"og:site_name\" content=\"Jopenkerk Haarlem\" \/>\n<meta property=\"article:modified_time\" content=\"2025-11-13T09:58:43+00:00\" \/>\n<meta name=\"twitter:card\" content=\"summary_large_image\" \/>\n<meta name=\"twitter:label1\" content=\"Geschatte leestijd\" \/>\n\t<meta name=\"twitter:data1\" content=\"4 minuten\" \/>\n<script type=\"application\/ld+json\" class=\"yoast-schema-graph\">{\"@context\":\"https:\/\/schema.org\",\"@graph\":[{\"@type\":\"WebPage\",\"@id\":\"https:\/\/www.jopenkerk.nl\/haarlem\/veel-gestelde-vragen\/\",\"url\":\"https:\/\/www.jopenkerk.nl\/haarlem\/veel-gestelde-vragen\/\",\"name\":\"Veel gestelde vragen - Jopenkerk Haarlem\",\"isPartOf\":{\"@id\":\"https:\/\/www.jopenkerk.nl\/haarlem\/#website\"},\"datePublished\":\"2019-10-03T16:31:30+00:00\",\"dateModified\":\"2025-11-13T09:58:43+00:00\",\"breadcrumb\":{\"@id\":\"https:\/\/www.jopenkerk.nl\/haarlem\/veel-gestelde-vragen\/#breadcrumb\"},\"inLanguage\":\"nl-NL\",\"potentialAction\":[{\"@type\":\"ReadAction\",\"target\":[\"https:\/\/www.jopenkerk.nl\/haarlem\/veel-gestelde-vragen\/\"]}]},{\"@type\":\"BreadcrumbList\",\"@id\":\"https:\/\/www.jopenkerk.nl\/haarlem\/veel-gestelde-vragen\/#breadcrumb\",\"itemListElement\":[{\"@type\":\"ListItem\",\"position\":1,\"name\":\"Home\",\"item\":\"https:\/\/www.jopenkerk.nl\/haarlem\/\"},{\"@type\":\"ListItem\",\"position\":2,\"name\":\"Veel gestelde vragen\"}]},{\"@type\":\"WebSite\",\"@id\":\"https:\/\/www.jopenkerk.nl\/haarlem\/#website\",\"url\":\"https:\/\/www.jopenkerk.nl\/haarlem\/\",\"name\":\"Jopenkerk Haarlem\",\"description\":\"Caf\u00e9 Beer Brewery in Haarlem\",\"potentialAction\":[{\"@type\":\"SearchAction\",\"target\":{\"@type\":\"EntryPoint\",\"urlTemplate\":\"https:\/\/www.jopenkerk.nl\/haarlem\/?s={search_term_string}\"},\"query-input\":{\"@type\":\"PropertyValueSpecification\",\"valueRequired\":true,\"valueName\":\"search_term_string\"}}],\"inLanguage\":\"nl-NL\"}]}<\/script>\n<!-- \/ Yoast SEO plugin. -->","yoast_head_json":{"title":"Veel gestelde vragen - Jopenkerk Haarlem","robots":{"index":"index","follow":"follow","max-snippet":"max-snippet:-1","max-image-preview":"max-image-preview:large","max-video-preview":"max-video-preview:-1"},"canonical":"https:\/\/www.jopenkerk.nl\/haarlem\/veel-gestelde-vragen\/","og_locale":"nl_NL","og_type":"article","og_title":"Veel gestelde vragen - Jopenkerk Haarlem","og_description":"[vc_row fullwidth=&#8221;true&#8221;][vc_column][vc_column_text css=&#8221;.vc_custom_1683197903736{margin-bottom: 0px !important;}&#8221;][layerslider id=&#8221;17&#8243;][\/vc_column_text][mk_content_box heading=&#8221;VRAGEN&#8221;][vc_column_text title=&#8221;VEEL GESTELDE VRAGEN&#8221; css=&#8221;.vc_custom_1763027915462{margin-bottom: 0px !important;}&#8221;] Borrel of diner reserveren in het Grand Caf\u00e9, wat zijn de mogelijkheden? Een tafel reserveren voor een borrel in het caf\u00e9 is niet mogelijk. Iedereen is van harte welkom om langs te komen en zelf een plek uit te zoeken in het Lees meer...","og_url":"https:\/\/www.jopenkerk.nl\/haarlem\/veel-gestelde-vragen\/","og_site_name":"Jopenkerk Haarlem","article_modified_time":"2025-11-13T09:58:43+00:00","twitter_card":"summary_large_image","twitter_misc":{"Geschatte leestijd":"4 minuten"},"schema":{"@context":"https:\/\/schema.org","@graph":[{"@type":"WebPage","@id":"https:\/\/www.jopenkerk.nl\/haarlem\/veel-gestelde-vragen\/","url":"https:\/\/www.jopenkerk.nl\/haarlem\/veel-gestelde-vragen\/","name":"Veel gestelde vragen - Jopenkerk Haarlem","isPartOf":{"@id":"https:\/\/www.jopenkerk.nl\/haarlem\/#website"},"datePublished":"2019-10-03T16:31:30+00:00","dateModified":"2025-11-13T09:58:43+00:00","breadcrumb":{"@id":"https:\/\/www.jopenkerk.nl\/haarlem\/veel-gestelde-vragen\/#breadcrumb"},"inLanguage":"nl-NL","potentialAction":[{"@type":"ReadAction","target":["https:\/\/www.jopenkerk.nl\/haarlem\/veel-gestelde-vragen\/"]}]},{"@type":"BreadcrumbList","@id":"https:\/\/www.jopenkerk.nl\/haarlem\/veel-gestelde-vragen\/#breadcrumb","itemListElement":[{"@type":"ListItem","position":1,"name":"Home","item":"https:\/\/www.jopenkerk.nl\/haarlem\/"},{"@type":"ListItem","position":2,"name":"Veel gestelde vragen"}]},{"@type":"WebSite","@id":"https:\/\/www.jopenkerk.nl\/haarlem\/#website","url":"https:\/\/www.jopenkerk.nl\/haarlem\/","name":"Jopenkerk Haarlem","description":"Caf\u00e9 Beer Brewery in Haarlem","potentialAction":[{"@type":"SearchAction","target":{"@type":"EntryPoint","urlTemplate":"https:\/\/www.jopenkerk.nl\/haarlem\/?s={search_term_string}"},"query-input":{"@type":"PropertyValueSpecification","valueRequired":true,"valueName":"search_term_string"}}],"inLanguage":"nl-NL"}]}},"_links":{"self":[{"href":"https:\/\/www.jopenkerk.nl\/haarlem\/wp-json\/wp\/v2\/pages\/26995","targetHints":{"allow":["GET"]}}],"collection":[{"href":"https:\/\/www.jopenkerk.nl\/haarlem\/wp-json\/wp\/v2\/pages"}],"about":[{"href":"https:\/\/www.jopenkerk.nl\/haarlem\/wp-json\/wp\/v2\/types\/page"}],"author":[{"embeddable":true,"href":"https:\/\/www.jopenkerk.nl\/haarlem\/wp-json\/wp\/v2\/users\/1155"}],"replies":[{"embeddable":true,"href":"https:\/\/www.jopenkerk.nl\/haarlem\/wp-json\/wp\/v2\/comments?post=26995"}],"version-history":[{"count":6,"href":"https:\/\/www.jopenkerk.nl\/haarlem\/wp-json\/wp\/v2\/pages\/26995\/revisions"}],"predecessor-version":[{"id":33907,"href":"https:\/\/www.jopenkerk.nl\/haarlem\/wp-json\/wp\/v2\/pages\/26995\/revisions\/33907"}],"wp:attachment":[{"href":"https:\/\/www.jopenkerk.nl\/haarlem\/wp-json\/wp\/v2\/media?parent=26995"}],"curies":[{"name":"wp","href":"https:\/\/api.w.org\/{rel}","templated":true}]}}