{"id":30769,"date":"2022-05-19T15:26:11","date_gmt":"2022-05-19T14:26:11","guid":{"rendered":"https:\/\/www.jopenkerk.nl\/haarlem\/?page_id=30769"},"modified":"2026-02-11T10:00:15","modified_gmt":"2026-02-11T09:00:15","slug":"menu","status":"publish","type":"page","link":"https:\/\/www.jopenkerk.nl\/haarlem\/menu\/","title":{"rendered":"Menu"},"content":{"rendered":"<div class=\"wpb-content-wrapper\">[vc_row][vc_column width=&#8221;1\/3&#8243; title=&#8221;&#8221; disable_pattern=&#8221;true&#8221; align=&#8221;left&#8221; margin_bottom=&#8221;0&#8243; animation=&#8221;&#8221; css=&#8221;.vc_custom_1608133855222{margin-bottom: 0px !important;}&#8221;][vc_column_text el_class=&#8221;multi-cta&#8221; css=&#8221;.vc_custom_1770800412537{margin-bottom: 0px !important;}&#8221;]\n<ul>\n<li>\n<h4><a href=\"https:\/\/www.jopenkerk.nl\/app\/uploads\/sites\/2\/2026\/02\/menukaart_jopenkerk_2026_nl_v2.pdf\"><b>Nederlands Menu<\/b><\/a><\/h4>\n<\/li>\n<li><a href=\"https:\/\/www.jopenkerk.nl\/app\/uploads\/sites\/2\/2026\/02\/menukaart_jopenkerk_2026_eng-1.pdf\">English Menu<\/a><\/li>\n<li><a href=\"https:\/\/www.jopenkerk.nl\/app\/uploads\/sites\/2\/2026\/02\/menukaart_jopenkerk_2026_du-1.pdf\">Deutsches Men\u00fc<\/a><\/li>\n<li><a href=\"https:\/\/www.jopenkerk.nl\/app\/uploads\/sites\/2\/2026\/02\/menukaart_jopenkerk_2026_spa-1.pdf\">Men\u00fa Espa\u00f1ol<\/a><\/li>\n<li><a href=\"https:\/\/untappd.com\/v\/jopenkerk-haarlem\/59683?menu_id=81285\">Bieren Op Fles En Blik<\/a><\/li>\n<\/ul>\n[\/vc_column_text][\/vc_column][vc_column width=&#8221;2\/3&#8243; el_class=&#8221;multi-cta&#8221;][mk_content_box heading=&#8221;Bieren Op Tap Jopenkerk Haarlem&#8221;][vc_raw_html]JTNDZGl2JTIwaWQlM0QlMjJtZW51LWNvbnRhaW5lciUyMiUzRSUzQyUyRmRpdiUzRSUwQSUzQ3NjcmlwdCUyMHR5cGUlM0QlMjJ0ZXh0JTJGamF2YXNjcmlwdCUyMiUzRSUwQSUyMCUyMCUyMWZ1bmN0aW9uJTIwZ2V0U2NyaXB0JTI4ZSUyQ3QlMjklN0J2YXIlMjBhJTNEZG9jdW1lbnQuY3JlYXRlRWxlbWVudCUyOCUyMnNjcmlwdCUyMiUyOSUyQ24lM0Rkb2N1bWVudC5nZXRFbGVtZW50c0J5VGFnTmFtZSUyOCUyMnNjcmlwdCUyMiUyOSU1QjAlNUQlM0JhLmFzeW5jJTNEMSUyQ24ucGFyZW50Tm9kZS5pbnNlcnRCZWZvcmUlMjhhJTJDbiUyOSUyQ2Eub25sb2FkJTNEYS5vbnJlYWR5c3RhdGVjaGFuZ2UlM0RmdW5jdGlvbiUyOGUlMkNuJTI5JTdCJTI4biU3QyU3QyUyMWEucmVhZHlTdGF0ZSU3QyU3QyUyRmxvYWRlZCU3Q2NvbXBsZXRlJTJGLnRlc3QlMjhhLnJlYWR5U3RhdGUlMjklMjklMjYlMjYlMjhhLm9ubG9hZCUzRGEub25yZWFkeXN0YXRlY2hhbmdlJTNEbnVsbCUyQ2ElM0R1bmRlZmluZWQlMkNuJTdDJTdDdCUyNiUyNnQlMjglMjklMjklN0QlMkNhLnNyYyUzRGUlN0QlMjglMjJodHRwcyUzQSUyRiUyRmVtYmVkLW1lbnUtcHJlbG9hZGVyLnVudGFwcGRhcGkuY29tJTJGZW1iZWQtbWVudS1wcmVsb2FkZXIubWluLmpzJTIyJTJDZnVuY3Rpb24lMjglMjklN0JQcmVsb2FkRW1iZWRNZW51JTI4JTIybWVudS1jb250YWluZXIlMjIlMkM3NzU3JTJDMjcyNjUlMjklN0QlMjklM0IlMEElM0MlMkZzY3JpcHQlM0UlMEElMjAlMEElMjA=[\/vc_raw_html][vc_column_text css=&#8221;.vc_custom_1761828916612{margin-bottom: 0px !important;}&#8221;]<strong>Naast deze 20 bieren van de tap hebben wij ook een zeer uitgebreid assortiment op fles en blik. Deze kan je terugvinden in de Grand Caf\u00e9 kaart.<\/strong><\/p>\n<p><strong>Kom je er niet uit? Onze medewerkers adviseren je graag!<\/strong>[\/vc_column_text][\/mk_content_box][\/vc_column][\/vc_row]\n<\/div>","protected":false},"excerpt":{"rendered":"<p>[vc_row][vc_column width=&#8221;1\/3&#8243; title=&#8221;&#8221; disable_pattern=&#8221;true&#8221; align=&#8221;left&#8221; margin_bottom=&#8221;0&#8243; animation=&#8221;&#8221; css=&#8221;.vc_custom_1608133855222{margin-bottom: 0px !important;}&#8221;][vc_column_text el_class=&#8221;multi-cta&#8221; css=&#8221;.vc_custom_1770800412537{margin-bottom: 0px !important;}&#8221;] Nederlands Menu English Menu Deutsches Men\u00fc Men\u00fa Espa\u00f1ol Bieren Op Fles En Blik [\/vc_column_text][\/vc_column][vc_column width=&#8221;2\/3&#8243; el_class=&#8221;multi-cta&#8221;][mk_content_box heading=&#8221;Bieren Op Tap Jopenkerk Haarlem&#8221;][vc_raw_html]JTNDZGl2JTIwaWQlM0QlMjJtZW51LWNvbnRhaW5lciUyMiUzRSUzQyUyRmRpdiUzRSUwQSUzQ3NjcmlwdCUyMHR5cGUlM0QlMjJ0ZXh0JTJGamF2YXNjcmlwdCUyMiUzRSUwQSUyMCUyMCUyMWZ1bmN0aW9uJTIwZ2V0U2NyaXB0JTI4ZSUyQ3QlMjklN0J2YXIlMjBhJTNEZG9jdW1lbnQuY3JlYXRlRWxlbWVudCUyOCUyMnNjcmlwdCUyMiUyOSUyQ24lM0Rkb2N1bWVudC5nZXRFbGVtZW50c0J5VGFnTmFtZSUyOCUyMnNjcmlwdCUyMiUyOSU1QjAlNUQlM0JhLmFzeW5jJTNEMSUyQ24ucGFyZW50Tm9kZS5pbnNlcnRCZWZvcmUlMjhhJTJDbiUyOSUyQ2Eub25sb2FkJTNEYS5vbnJlYWR5c3RhdGVjaGFuZ2UlM0RmdW5jdGlvbiUyOGUlMkNuJTI5JTdCJTI4biU3QyU3QyUyMWEucmVhZHlTdGF0ZSU3QyU3QyUyRmxvYWRlZCU3Q2NvbXBsZXRlJTJGLnRlc3QlMjhhLnJlYWR5U3RhdGUlMjklMjklMjYlMjYlMjhhLm9ubG9hZCUzRGEub25yZWFkeXN0YXRlY2hhbmdlJTNEbnVsbCUyQ2ElM0R1bmRlZmluZWQlMkNuJTdDJTdDdCUyNiUyNnQlMjglMjklMjklN0QlMkNhLnNyYyUzRGUlN0QlMjglMjJodHRwcyUzQSUyRiUyRmVtYmVkLW1lbnUtcHJlbG9hZGVyLnVudGFwcGRhcGkuY29tJTJGZW1iZWQtbWVudS1wcmVsb2FkZXIubWluLmpzJTIyJTJDZnVuY3Rpb24lMjglMjklN0JQcmVsb2FkRW1iZWRNZW51JTI4JTIybWVudS1jb250YWluZXIlMjIlMkM3NzU3JTJDMjcyNjUlMjklN0QlMjklM0IlMEElM0MlMkZzY3JpcHQlM0UlMEElMjAlMEElMjA=[\/vc_raw_html][vc_column_text css=&#8221;.vc_custom_1761828916612{margin-bottom: 0px !important;}&#8221;]Naast deze 20 bieren van de tap hebben wij ook een zeer uitgebreid assortiment op fles en blik.<a class=\"moretag\" href=\"#tab-description\"> Lees meer&#8230;<\/a><\/p>\n","protected":false},"author":1209,"featured_media":0,"parent":0,"menu_order":0,"comment_status":"closed","ping_status":"closed","template":"","meta":{"_acf_changed":false,"footnotes":""},"class_list":["post-30769","page","type-page","status-publish","hentry"],"acf":[],"yoast_head":"<!-- This site is optimized with the Yoast SEO plugin v23.4 - https:\/\/yoast.com\/wordpress\/plugins\/seo\/ -->\n<title>Menu - Jopenkerk Haarlem<\/title>\n<meta name=\"description\" content=\"Menukaart Jopenkerk voor lunch, borrel, diner, bittergarnituur, small bites, dranken en diverse Jopenbieren\" \/>\n<meta name=\"robots\" content=\"index, follow, max-snippet:-1, max-image-preview:large, max-video-preview:-1\" \/>\n<link rel=\"canonical\" href=\"https:\/\/www.jopenkerk.nl\/haarlem\/menu\/\" \/>\n<meta property=\"og:locale\" content=\"nl_NL\" \/>\n<meta property=\"og:type\" content=\"article\" \/>\n<meta property=\"og:title\" content=\"Menu - Jopenkerk Haarlem\" \/>\n<meta property=\"og:description\" content=\"Menukaart Jopenkerk voor lunch, borrel, diner, bittergarnituur, small bites, dranken en diverse Jopenbieren\" \/>\n<meta property=\"og:url\" content=\"https:\/\/www.jopenkerk.nl\/haarlem\/menu\/\" \/>\n<meta property=\"og:site_name\" content=\"Jopenkerk Haarlem\" \/>\n<meta property=\"article:modified_time\" content=\"2026-02-11T09:00:15+00:00\" \/>\n<meta name=\"twitter:card\" content=\"summary_large_image\" \/>\n<meta name=\"twitter:label1\" content=\"Geschatte leestijd\" \/>\n\t<meta name=\"twitter:data1\" content=\"1 minuut\" \/>\n<script type=\"application\/ld+json\" class=\"yoast-schema-graph\">{\"@context\":\"https:\/\/schema.org\",\"@graph\":[{\"@type\":\"WebPage\",\"@id\":\"https:\/\/www.jopenkerk.nl\/haarlem\/menu\/\",\"url\":\"https:\/\/www.jopenkerk.nl\/haarlem\/menu\/\",\"name\":\"Menu - Jopenkerk Haarlem\",\"isPartOf\":{\"@id\":\"https:\/\/www.jopenkerk.nl\/haarlem\/#website\"},\"datePublished\":\"2022-05-19T14:26:11+00:00\",\"dateModified\":\"2026-02-11T09:00:15+00:00\",\"description\":\"Menukaart Jopenkerk voor lunch, borrel, diner, bittergarnituur, small bites, dranken en diverse Jopenbieren\",\"breadcrumb\":{\"@id\":\"https:\/\/www.jopenkerk.nl\/haarlem\/menu\/#breadcrumb\"},\"inLanguage\":\"nl-NL\",\"potentialAction\":[{\"@type\":\"ReadAction\",\"target\":[\"https:\/\/www.jopenkerk.nl\/haarlem\/menu\/\"]}]},{\"@type\":\"BreadcrumbList\",\"@id\":\"https:\/\/www.jopenkerk.nl\/haarlem\/menu\/#breadcrumb\",\"itemListElement\":[{\"@type\":\"ListItem\",\"position\":1,\"name\":\"Home\",\"item\":\"https:\/\/www.jopenkerk.nl\/haarlem\/\"},{\"@type\":\"ListItem\",\"position\":2,\"name\":\"Menu\"}]},{\"@type\":\"WebSite\",\"@id\":\"https:\/\/www.jopenkerk.nl\/haarlem\/#website\",\"url\":\"https:\/\/www.jopenkerk.nl\/haarlem\/\",\"name\":\"Jopenkerk Haarlem\",\"description\":\"Caf\u00e9 Beer Brewery in Haarlem\",\"potentialAction\":[{\"@type\":\"SearchAction\",\"target\":{\"@type\":\"EntryPoint\",\"urlTemplate\":\"https:\/\/www.jopenkerk.nl\/haarlem\/?s={search_term_string}\"},\"query-input\":{\"@type\":\"PropertyValueSpecification\",\"valueRequired\":true,\"valueName\":\"search_term_string\"}}],\"inLanguage\":\"nl-NL\"}]}<\/script>\n<!-- \/ Yoast SEO plugin. -->","yoast_head_json":{"title":"Menu - Jopenkerk Haarlem","description":"Menukaart Jopenkerk voor lunch, borrel, diner, bittergarnituur, small bites, dranken en diverse Jopenbieren","robots":{"index":"index","follow":"follow","max-snippet":"max-snippet:-1","max-image-preview":"max-image-preview:large","max-video-preview":"max-video-preview:-1"},"canonical":"https:\/\/www.jopenkerk.nl\/haarlem\/menu\/","og_locale":"nl_NL","og_type":"article","og_title":"Menu - Jopenkerk Haarlem","og_description":"Menukaart Jopenkerk voor lunch, borrel, diner, bittergarnituur, small bites, dranken en diverse Jopenbieren","og_url":"https:\/\/www.jopenkerk.nl\/haarlem\/menu\/","og_site_name":"Jopenkerk Haarlem","article_modified_time":"2026-02-11T09:00:15+00:00","twitter_card":"summary_large_image","twitter_misc":{"Geschatte leestijd":"1 minuut"},"schema":{"@context":"https:\/\/schema.org","@graph":[{"@type":"WebPage","@id":"https:\/\/www.jopenkerk.nl\/haarlem\/menu\/","url":"https:\/\/www.jopenkerk.nl\/haarlem\/menu\/","name":"Menu - Jopenkerk Haarlem","isPartOf":{"@id":"https:\/\/www.jopenkerk.nl\/haarlem\/#website"},"datePublished":"2022-05-19T14:26:11+00:00","dateModified":"2026-02-11T09:00:15+00:00","description":"Menukaart Jopenkerk voor lunch, borrel, diner, bittergarnituur, small bites, dranken en diverse Jopenbieren","breadcrumb":{"@id":"https:\/\/www.jopenkerk.nl\/haarlem\/menu\/#breadcrumb"},"inLanguage":"nl-NL","potentialAction":[{"@type":"ReadAction","target":["https:\/\/www.jopenkerk.nl\/haarlem\/menu\/"]}]},{"@type":"BreadcrumbList","@id":"https:\/\/www.jopenkerk.nl\/haarlem\/menu\/#breadcrumb","itemListElement":[{"@type":"ListItem","position":1,"name":"Home","item":"https:\/\/www.jopenkerk.nl\/haarlem\/"},{"@type":"ListItem","position":2,"name":"Menu"}]},{"@type":"WebSite","@id":"https:\/\/www.jopenkerk.nl\/haarlem\/#website","url":"https:\/\/www.jopenkerk.nl\/haarlem\/","name":"Jopenkerk Haarlem","description":"Caf\u00e9 Beer Brewery in Haarlem","potentialAction":[{"@type":"SearchAction","target":{"@type":"EntryPoint","urlTemplate":"https:\/\/www.jopenkerk.nl\/haarlem\/?s={search_term_string}"},"query-input":{"@type":"PropertyValueSpecification","valueRequired":true,"valueName":"search_term_string"}}],"inLanguage":"nl-NL"}]}},"_links":{"self":[{"href":"https:\/\/www.jopenkerk.nl\/haarlem\/wp-json\/wp\/v2\/pages\/30769","targetHints":{"allow":["GET"]}}],"collection":[{"href":"https:\/\/www.jopenkerk.nl\/haarlem\/wp-json\/wp\/v2\/pages"}],"about":[{"href":"https:\/\/www.jopenkerk.nl\/haarlem\/wp-json\/wp\/v2\/types\/page"}],"author":[{"embeddable":true,"href":"https:\/\/www.jopenkerk.nl\/haarlem\/wp-json\/wp\/v2\/users\/1209"}],"replies":[{"embeddable":true,"href":"https:\/\/www.jopenkerk.nl\/haarlem\/wp-json\/wp\/v2\/comments?post=30769"}],"version-history":[{"count":75,"href":"https:\/\/www.jopenkerk.nl\/haarlem\/wp-json\/wp\/v2\/pages\/30769\/revisions"}],"predecessor-version":[{"id":34348,"href":"https:\/\/www.jopenkerk.nl\/haarlem\/wp-json\/wp\/v2\/pages\/30769\/revisions\/34348"}],"wp:attachment":[{"href":"https:\/\/www.jopenkerk.nl\/haarlem\/wp-json\/wp\/v2\/media?parent=30769"}],"curies":[{"name":"wp","href":"https:\/\/api.w.org\/{rel}","templated":true}]}}